{"id":4050,"date":"2021-12-18T16:39:47","date_gmt":"2021-12-18T16:39:47","guid":{"rendered":"https:\/\/albustroi.com\/contact\/"},"modified":"2026-04-12T23:54:27","modified_gmt":"2026-04-12T23:54:27","slug":"contact","status":"publish","type":"page","link":"https:\/\/albustroi.com\/ro\/contact\/","title":{"rendered":"Contacte"},"content":{"rendered":"<div data-elementor-type=\"wp-page\" data-elementor-id=\"4050\" class=\"elementor elementor-4050\" data-elementor-post-type=\"page\">\n\t\t\t\t<div class=\"elementor-element elementor-element-b16cc07 e-flex e-con-boxed e-con e-parent\" data-id=\"b16cc07\" data-element_type=\"container\">\n\t\t\t\t\t<div class=\"e-con-inner\">\n\t\t\t\t<div class=\"elementor-element elementor-element-22d0e5f elementor-widget elementor-widget-html\" data-id=\"22d0e5f\" data-element_type=\"widget\" data-widget_type=\"html.default\">\n\t\t\t\t\t<!-- TOP CONTACT CARDS (\u043e\u0442\u0434\u0435\u043b\u044c\u043d\u044b\u0439 \u0431\u043b\u043e\u043a) -->\r\n<section class=\"cp-quick-section\" aria-label=\"\u0411\u044b\u0441\u0442\u0440\u044b\u0435 \u043a\u043e\u043d\u0442\u0430\u043a\u0442\u044b\">\r\n  <div class=\"cp-wrap cp-quick\">\r\n    <div class=\"cp-cards\">\r\n\r\n      <!-- \u0417\u0432\u043e\u043d\u043e\u043a -->\r\n      <a class=\"cp-card cp-call\" href=\"tel:+37361060594\">\r\n        <span class=\"cp-ico\" aria-hidden=\"true\">\r\n          <svg viewbox=\"0 0 24 24\" width=\"24\" height=\"24\" fill=\"currentColor\">\r\n            <path d=\"M6.6 10.8a15.8 15.8 0 006.6 6.6l2.2-2.2a1.4 1.4 0 011.5-.33c1.64.65 3.45 1 5.1 1a1.4 1.4 0 011.4 1.4V21a1.4 1.4 0 01-1.3 1.4C12.2 22.4 1.6 11.8 1.6 2.7A1.4 1.4 0 013 1.4h3.7A1.4 1.4 0 018.1 2.8c0 1.65.35 3.46 1 5.1.17.5.06 1.06-.33 1.45L6.6 10.8z\"\/>\r\n          <\/svg>\r\n        <\/span>\r\n        <div>\r\n          <h3>Suna\u021bi<\/h3>\r\n          <p>+373 610 605 94<\/p>\r\n        <\/div>\r\n      <\/a>\r\n\r\n      <!-- \u041c\u0435\u0441\u0441\u0435\u043d\u0434\u0436\u0435\u0440\u044b -->\r\n      <div class=\"cp-card\">\r\n        <span class=\"cp-ico\" aria-hidden=\"true\">\r\n          <svg viewbox=\"0 0 24 24\" width=\"24\" height=\"24\" fill=\"currentColor\">\r\n            <path d=\"M2 3h20v12H7l-5 5V3z\"\/>\r\n          <\/svg>\r\n        <\/span>\r\n        <div>\r\n          <h3>Mesagerii<\/h3>\r\n          <p>Viber \/ Telegram \u2014 cel mai comod<\/p>\r\n\r\n          <div class=\"cp-links\">\r\n            <a href=\"viber:\/\/chat?number=%2B37361060594\" class=\"chip\">Viber<\/a>\r\n            <a href=\"https:\/\/t.me\/+37361060594\" class=\"chip\" target=\"_blank\" rel=\"noopener\">Telegram<\/a>\r\n            <a href=\"https:\/\/api.whatsapp.com\/send\/?phone=37361060594&text&type=phone_number&app_absent=0\"\r\n               class=\"chip\" target=\"_blank\" rel=\"noopener\">WhatsApp<\/a>\r\n          <\/div>\r\n        <\/div>\r\n      <\/div>\r\n\r\n      <!-- \u041f\u043e\u0447\u0442\u0430 -->\r\n      <a class=\"cp-card\" href=\"mailto:info@albustroi.com\">\r\n        <span class=\"cp-ico\" aria-hidden=\"true\">\r\n          <svg viewbox=\"0 0 24 24\" width=\"24\" height=\"24\" fill=\"currentColor\">\r\n            <path d=\"M2 4h20v16H2V4zm2 2v.4l8 5.6 8-5.6V6H4z\"\/>\r\n          <\/svg>\r\n        <\/span>\r\n        <div>\r\n          <h3>Email<\/h3>\r\n          <p>info@albustroi.com<\/p>\r\n          <small>Trimitem devizul \u00een decurs de 24 de ore<\/small>\r\n        <\/div>\r\n      <\/a>\r\n\r\n    <\/div>\r\n  <\/div>\r\n<\/section>\t\t\t\t<\/div>\n\t\t\t\t\t<\/div>\n\t\t\t\t<\/div>\n\t\t<div class=\"elementor-element elementor-element-c3e758b e-flex e-con-boxed e-con e-parent\" data-id=\"c3e758b\" data-element_type=\"container\">\n\t\t\t\t\t<div class=\"e-con-inner\">\n\t\t<div class=\"elementor-element elementor-element-01e2153 e-con-full e-flex e-con e-child\" data-id=\"01e2153\" data-element_type=\"container\">\n\t\t<div class=\"elementor-element elementor-element-a5fa357 e-con-full e-flex e-con e-child\" data-id=\"a5fa357\" data-element_type=\"container\">\n\t\t<div class=\"elementor-element elementor-element-25203ae e-con-full cp-form-card e-flex e-con e-child\" data-id=\"25203ae\" data-element_type=\"container\">\n\t\t\t\t<div class=\"elementor-element elementor-element-be3fa19 elementor-widget elementor-widget-the7-heading\" data-id=\"be3fa19\" data-element_type=\"widget\" data-widget_type=\"the7-heading.default\">\n\t\t\t\t<div class=\"elementor-widget-container\">\n\t\t\t\t\t<h2 class=\"the7-heading-title elementor-size-default\">Scrie\u021bi-ne\n<\/h2>\t\t\t\t<\/div>\n\t\t\t\t<\/div>\n\t\t\t\t<div class=\"elementor-element elementor-element-b95d19c elementor-widget elementor-widget-text-editor\" data-id=\"b95d19c\" data-element_type=\"widget\" data-widget_type=\"text-editor.default\">\n\t\t\t\t\t\t\t\t\t<p>\u041e\u043f\u0438\u0448\u0438\u0442\u0435 \u0437\u0430\u0434\u0430\u0447\u0443 \u2014 \u0441\u0432\u044f\u0436\u0435\u043c\u0441\u044f \u0441 \u0432\u0430\u043c\u0438, \u0443\u0442\u043e\u0447\u043d\u0438\u043c \u0434\u0435\u0442\u0430\u043b\u0438 \u0438 \u043f\u043e\u0434\u0433\u043e\u0442\u043e\u0432\u0438\u043c \u043e\u0440\u0438\u0435\u043d\u0442\u0438\u0440\u043e\u0432\u043e\u0447\u043d\u0443\u044e \u0441\u043c\u0435\u0442\u0443.<\/p>\t\t\t\t\t\t\t\t<\/div>\n\t\t\t\t<div class=\"elementor-element elementor-element-33a51e7 cp-eform elementor-button-align-stretch elementor-widget elementor-widget-form\" data-id=\"33a51e7\" data-element_type=\"widget\" data-settings=\"{&quot;step_next_label&quot;:&quot;Next&quot;,&quot;step_previous_label&quot;:&quot;Previous&quot;,&quot;button_width&quot;:&quot;100&quot;,&quot;step_type&quot;:&quot;number_text&quot;,&quot;step_icon_shape&quot;:&quot;circle&quot;}\" data-widget_type=\"form.default\">\n\t\t\t\t\t\t\t<form class=\"elementor-form\" method=\"post\" name=\"New Form\" aria-label=\"New Form\" action=\"\">\n\t\t\t<input type=\"hidden\" name=\"post_id\" value=\"4050\"\/>\n\t\t\t<input type=\"hidden\" name=\"form_id\" value=\"33a51e7\"\/>\n\t\t\t<input type=\"hidden\" name=\"referer_title\" value=\"\u041a\u043e\u043d\u0442\u0430\u043a\u0442\u044b\" \/>\n\n\t\t\t\t\t\t\t<input type=\"hidden\" name=\"queried_id\" value=\"4050\"\/>\n\t\t\t\n\t\t\t<div class=\"elementor-form-fields-wrapper elementor-labels-above\">\n\t\t\t\t\t\t\t\t<div class=\"elementor-field-type-text elementor-field-group elementor-column elementor-field-group-name elementor-col-50 elementor-field-required elementor-mark-required\">\n\t\t\t\t\t\t\t\t\t\t\t\t<label for=\"form-field-name\" class=\"elementor-field-label\">\n\t\t\t\t\t\t\t\tPrenume\t\t\t\t\t\t\t<\/label>\n\t\t\t\t\t\t\t\t\t\t\t\t\t\t<input size=\"1\" type=\"text\" name=\"form_fields[name]\" id=\"form-field-name\" class=\"elementor-field elementor-size-md  elementor-field-textual\" placeholder=\"Prenume\" required=\"required\">\n\t\t\t\t\t\t\t\t\t\t\t<\/div>\n\t\t\t\t\t\t\t\t<div class=\"elementor-field-type-tel elementor-field-group elementor-column elementor-field-group-email elementor-col-50 elementor-field-required elementor-mark-required\">\n\t\t\t\t\t\t\t\t\t\t\t\t<label for=\"form-field-email\" class=\"elementor-field-label\">\n\t\t\t\t\t\t\t\tTelefon\t\t\t\t\t\t\t<\/label>\n\t\t\t\t\t\t\t\t<input size=\"1\" type=\"tel\" name=\"form_fields[email]\" id=\"form-field-email\" class=\"elementor-field elementor-size-md  elementor-field-textual\" placeholder=\"+373\" required=\"required\" pattern=\"[0-9()#&amp;+*-=.]+\" title=\"\u041f\u0440\u0438\u043d\u0438\u043c\u0430\u044e\u0442\u0441\u044f \u0442\u043e\u043b\u044c\u043a\u043e \u0446\u0438\u0444\u0440\u044b \u0438 \u0442\u0435\u043b\u0435\u0444\u043e\u043d\u043d\u044b\u0435 \u0441\u0438\u043c\u0432\u043e\u043b\u044b (#, -, * \u0438 \u0442. \u0434.).\">\n\n\t\t\t\t\t\t<\/div>\n\t\t\t\t\t\t\t\t<div class=\"elementor-field-type-textarea elementor-field-group elementor-column elementor-field-group-message elementor-col-100\">\n\t\t\t\t\t\t\t\t\t\t\t\t<label for=\"form-field-message\" class=\"elementor-field-label\">\n\t\t\t\t\t\t\t\tMesaj\t\t\t\t\t\t\t<\/label>\n\t\t\t\t\t\t<textarea class=\"elementor-field-textual elementor-field  elementor-size-md\" name=\"form_fields[message]\" id=\"form-field-message\" rows=\"6\" placeholder=\"Apartament, suprafa\u021b\u0103, tip de repara\u021bie, termen...\"><\/textarea>\t\t\t\t<\/div>\n\t\t\t\t\t\t\t\t<div class=\"elementor-field-type-acceptance elementor-field-group elementor-column elementor-field-group-field_5d2f817 elementor-col-100 elementor-field-required elementor-mark-required\">\n\t\t\t\t\t\t\t<div class=\"elementor-field-subgroup\">\n\t\t\t<span class=\"elementor-field-option\">\n\t\t\t\t<input type=\"checkbox\" name=\"form_fields[field_5d2f817]\" id=\"form-field-field_5d2f817\" class=\"elementor-field elementor-size-md  elementor-acceptance-field\" required=\"required\">\n\t\t\t\t<label for=\"form-field-field_5d2f817\">\u00cemi dau acordul pentru prelucrarea datelor cu caracter personal<\/label>\t\t\t<\/span>\n\t\t<\/div>\n\t\t\t\t\t\t<\/div>\n\t\t\t\t\t\t\t\t<div class=\"elementor-field-group elementor-column elementor-field-type-submit elementor-col-100 e-form__buttons\">\n\t\t\t\t\t<button class=\"elementor-button elementor-size-md\" type=\"submit\">\n\t\t\t\t\t\t<span class=\"elementor-button-content-wrapper\">\n\t\t\t\t\t\t\t\t\t\t\t\t\t\t\t<span class=\"elementor-button-icon\">\n\t\t\t\t\t\t\t\t\t<svg aria-hidden=\"true\" class=\"e-font-icon-svg e-far-envelope\" viewbox=\"0 0 512 512\" xmlns=\"http:\/\/www.w3.org\/2000\/svg\"><path d=\"M464 64H48C21.49 64 0 85.49 0 112v288c0 26.51 21.49 48 48 48h416c26.51 0 48-21.49 48-48V112c0-26.51-21.49-48-48-48zm0 48v40.805c-22.422 18.259-58.168 46.651-134.587 106.49-16.841 13.247-50.201 45.072-73.413 44.701-23.208.375-56.579-31.459-73.413-44.701C106.18 199.465 70.425 171.067 48 152.805V112h416zM48 400V214.398c22.914 18.251 55.409 43.862 104.938 82.646 21.857 17.205 60.134 55.186 103.062 54.955 42.717.231 80.509-37.199 103.053-54.947 49.528-38.783 82.032-64.401 104.947-82.653V400H48z\"><\/path><\/svg>\t\t\t\t\t\t\t\t\t\t\t\t\t\t\t\t\t<\/span>\n\t\t\t\t\t\t\t\t\t\t\t\t\t\t\t\t\t\t\t\t\t\t<span class=\"elementor-button-text\">Trimite\u021bi mesajul<\/span>\n\t\t\t\t\t\t\t\t\t\t\t\t\t<\/span>\n\t\t\t\t\t<\/button>\n\t\t\t\t<\/div>\n\t\t\t<\/div>\n\t\t<input type=\"hidden\" name=\"trp-form-language\" value=\"ro\"\/><\/form>\n\t\t\t\t\t\t<\/div>\n\t\t\t\t<div class=\"elementor-element elementor-element-70ffde2 cp-alt elementor-widget elementor-widget-text-editor\" data-id=\"70ffde2\" data-element_type=\"widget\" data-widget_type=\"text-editor.default\">\n\t\t\t\t\t\t\t\t\t<p>Sau scrie\u021bi pe\u00a0<a href=\"https:\/\/t.me\/+37361060594\" target=\"_blank\" rel=\"noopener\">Telegram<\/a>\u00a0sau\u00a0<a href=\"viber:\/\/chat?number=%2B37361060594\">Viber<\/a>\u00a0\u2014 r\u0103spundem mai rapid.<\/p>\t\t\t\t\t\t\t\t<\/div>\n\t\t\t\t<\/div>\n\t\t\t\t<\/div>\n\t\t\t\t<\/div>\n\t\t<div class=\"elementor-element elementor-element-75bfca0 e-con-full cp-side-col e-flex e-con e-child\" data-id=\"75bfca0\" data-element_type=\"container\">\n\t\t<div class=\"elementor-element elementor-element-5410591 e-con-full e-flex e-con e-child\" data-id=\"5410591\" data-element_type=\"container\">\n\t\t<div class=\"elementor-element elementor-element-a698c33 e-con-full e-flex e-con e-child\" data-id=\"a698c33\" data-element_type=\"container\">\n\t\t\t\t<div class=\"elementor-element elementor-element-5728160 elementor-widget elementor-widget-html\" data-id=\"5728160\" data-element_type=\"widget\" data-widget_type=\"html.default\">\n\t\t\t\t\t<!-- \u0411\u043b\u043e\u043a \u043f\u0440\u0435\u0438\u043c\u0443\u0449\u0435\u0441\u0442\u0432 (\u043e\u0442\u0434\u0435\u043b\u044c\u043d\u043e, 1:1 \u043f\u043e \u0441\u0442\u0438\u043b\u044e \u0438\u0437 \u0442\u0432\u043e\u0435\u0433\u043e \u043a\u043e\u0434\u0430) -->\r\n<aside class=\"cp-aside\">\r\n  <ul class=\"cp-highlights\">\r\n    <li>\u2705 Deplasare gratuit\u0103 pentru m\u0103sur\u0103tori<\/li>\r\n    <li>\u2705 Deviz \u0219i vizualizare 3D la cerere<\/li>\r\n    <li>\u2705 Lucr\u0103m \u00een baza unui contract cu garan\u021bie<\/li>\r\n    <li>\u2705 Cur\u0103\u021benie \u0219i control pe \u0219antier<\/li>\r\n  <\/ul>\r\n<\/aside>\t\t\t\t<\/div>\n\t\t\t\t<\/div>\n\t\t\t\t<\/div>\n\t\t\t\t<\/div>\n\t\t\t\t\t<\/div>\n\t\t\t\t<\/div>\n\t\t<div class=\"elementor-element elementor-element-2f94f21 e-flex e-con-boxed e-con e-parent\" data-id=\"2f94f21\" data-element_type=\"container\">\n\t\t\t\t\t<div class=\"e-con-inner\">\n\t\t\t\t<div class=\"elementor-element elementor-element-acb700c elementor-widget elementor-widget-html\" data-id=\"acb700c\" data-element_type=\"widget\" data-widget_type=\"html.default\">\n\t\t\t\t\t<!-- \u2705 SOCIALS \u2013 \u043e\u0442\u0434\u0435\u043b\u044c\u043d\u044b\u0439 \u0431\u043b\u043e\u043a (\u0444\u0438\u043d\u0430\u043b\u044c\u043d\u044b\u0439 + Viber) -->\r\n<section class=\"cp-social-block\" aria-label=\"Suntem pe re\u021belele sociale\">\r\n  <div class=\"cp-wrap\">\r\n    <div class=\"soc-card\">\r\n      <h2>Suntem pe re\u021belele sociale<\/h2>\r\n      <p class=\"sub\">Urm\u0103ri\u021bi-ne \u2014 ar\u0103t\u0103m proiecte noi \u0219i etapele repara\u021biei<\/p>\r\n\r\n      <nav class=\"soc\">\r\n        <!-- Facebook -->\r\n        <a class=\"soc-btn\" href=\"https:\/\/www.facebook.com\/albustroi\" target=\"_blank\" rel=\"noopener\" aria-label=\"Facebook\">\r\n          <svg viewbox=\"0 0 24 24\" fill=\"currentColor\"><path d=\"M13 21v-7h3l.5-3H13V9.3c0-1 .3-1.7 1.9-1.7H17V4.1c-.33 0-1.5-.1-2.8-.1-2.8 0-4.2 1.6-4.2 4.2V11H7v3h3v7h3z\"\/><\/svg>\r\n        <\/a>\r\n\r\n        <!-- YouTube -->\r\n        <a class=\"soc-btn\" href=\"https:\/\/www.youtube.com\/@albustroi\" target=\"_blank\" rel=\"noopener\" aria-label=\"YouTube\">\r\n          <svg viewbox=\"0 0 24 24\" fill=\"currentColor\"><path d=\"M23 12s0-3-.4-4.5c-.2-.9-.9-1.6-1.8-1.8C18.4 5 12 5 12 5s-6.4 0-8.8.7c-.9.2-1.6.9-1.8 1.8C1 9 1 12 1 12s0 3 .4 4.5c.2.9.9 1.6 1.8 1.8C5.6 19 12 19 12 19s6.4 0 8.8-.7c.9-.2 1.6-.9 1.8-1.8.4-1.5.4-4.5.4-4.5zM10 15V9l5 3-5 3z\"\/><\/svg>\r\n        <\/a>\r\n\r\n        <!-- Telegram -->\r\n        <a class=\"soc-btn\" href=\"https:\/\/t.me\/+37361060594\" target=\"_blank\" rel=\"noopener\" aria-label=\"Telegram\">\r\n          <svg viewbox=\"0 0 24 24\" fill=\"currentColor\"><path d=\"M21.5 3.5L2.6 10.9c-1 .4-1 1.8.1 2.1l4.6 1.4 1.8 4.8c.2.6 1 .7 1.4.3l2.6-2.6 4.7 3.4c.7.5 1.7.1 1.9-.8l3.1-14.2c.2-.9-.7-1.7-1.9-1.3zM8.1 14.2l8.9-5.6-6.9 7-.2 2.6-1.8-4.1z\"\/><\/svg>\r\n        <\/a>\r\n\r\n        <!-- \u2705 Viber -->\r\n        <a class=\"soc-btn\" href=\"viber:\/\/chat?number=%2B37361060594\" target=\"_blank\" rel=\"noopener\" aria-label=\"Viber\">\r\n          <svg viewbox=\"0 0 24 24\" fill=\"currentColor\">\r\n            <path d=\"M17.5 2h-11A4.5 4.5 0 002 6.5v11A4.5 4.5 0 006.5 22h4.9l.1-.1 2.1-2.1h4A4.5 4.5 0 0022 17.5v-11A4.5 4.5 0 0017.5 2ZM19 17.5A1.5 1.5 0 0117.5 19h-3.5c-.4 0-.8.2-1 .5l-1.5 1.5a.3.3 0 01-.5-.2V19c0-.6-.4-1-1-1H6.5A1.5 1.5 0 015 16.5v-10A1.5 1.5 0 016.5 5h11A1.5 1.5 0 0119 6.5v11Z\"\/>\r\n            <path d=\"M15.1 13.9c-.2-.1-1.3-.6-1.5-.7s-.4-.1-.6.1l-.5.7c-.2.2-.4.2-.6.1a6.7 6.7 0 01-3.2-2.8c-.2-.4.2-.5.4-.7l.3-.4c.1-.2.1-.3 0-.5s-.5-1.2-.7-1.6c-.2-.4-.4-.3-.6-.3h-.5c-.2 0-.5.1-.7.3-.8.8-1 2-.3 3.1a10.9 10.9 0 004.2 4 3 3 0 001.8.6c.7 0 1.5-.3 1.8-1 .2-.4.2-.8.1-1Z\"\/>\r\n          <\/svg>\r\n        <\/a>\r\n\r\n        <!-- Instagram -->\r\n        <a class=\"soc-btn\" href=\"https:\/\/www.instagram.com\/albustroi\" target=\"_blank\" rel=\"noopener\" aria-label=\"Instagram\">\r\n          <svg viewbox=\"0 0 24 24\" fill=\"currentColor\"><path d=\"M7 2h10a5 5 0 015 5v10a5 5 0 01-5 5H7a5 5 0 01-5-5V7a5 5 0 015-5zm5 5a5 5 0 100 10 5 5 0 000-10zm0 2.5a2.5 2.5 0 110 5 2.5 2.5 0 010-5zm6-1.7a1.3 1.3 0 11-2.6 0 1.3 1.3 0 012.6 0z\"\/><\/svg>\r\n        <\/a>\r\n\r\n        <!-- WhatsApp -->\r\n        <a class=\"soc-btn\" href=\"https:\/\/api.whatsapp.com\/send\/?phone=37361060594&text&type=phone_number&app_absent=0\" target=\"_blank\" rel=\"noopener\" aria-label=\"WhatsApp\">\r\n          <svg viewbox=\"0 0 24 24\" fill=\"currentColor\"><path d=\"M20 3.8A10 10 0 006.3 19.8L3 21l1.2-3.2A10 10 0 1020 3.7zM6.6 18.4a8 8 0 1112.8-6.4 8 8 0 01-12.8 6.4zm10-4.4c-.2-.1-1.3-.7-1.5-.8-.2-.1-.3-.1-.5.1l-.7.8c-.1.1-.2.1-.4 0-.2-.1-.9-.3-1.7-1.1-.6-.6-1-1.3-1.1-1.5-.1-.2 0-.3.1-.4l.6-.6c.1-.1.1-.2.1-.3l-.4-1.1c-.1-.3-.2-.3-.3-.4h-.3c-.1 0-.3 0-.5.2-.2.2-.7.7-.7 1.7 0 1 .7 1.9.8 2.1.2.2 1.3 2.1 3.2 2.9.3.1.6.2.8.2.3 0 .6 0 .9-.1.3-.1 1.3-.6 1.5-1.2.2-.6.2-1.1.1-1.2z\"\/><\/svg>\r\n        <\/a>\r\n\r\n        <!-- TikTok -->\r\n        <a class=\"soc-btn\" href=\"https:\/\/www.tiktok.com\/@albustroi\" target=\"_blank\" rel=\"noopener\" aria-label=\"TikTok\">\r\n          <svg viewbox=\"0 0 24 24\" fill=\"currentColor\"><path d=\"M20 7.6a6.6 6.6 0 01-4.6-2V16a5 5 0 11-5-5c.3 0 .7 0 1 .1V9a7.5 7.5 0 00-1-.1 7 7 0 107 7V8.7a9.3 9.3 0 004.6 1.3V7.6z\"\/><\/svg>\r\n        <\/a>\r\n\r\n      <\/nav>\r\n    <\/div>\r\n  <\/div>\r\n<\/section>\r\n\t\t\t\t<\/div>\n\t\t\t\t\t<\/div>\n\t\t\t\t<\/div>\n\t\t\t\t<\/div>","protected":false},"excerpt":{"rendered":"<p>\u041f\u043e\u0437\u0432\u043e\u043d\u0438\u0442\u044c +373 610 605 94 \u041c\u0435\u0441\u0441\u0435\u043d\u0434\u0436\u0435\u0440\u044b Viber \/ Telegram \u2014 \u0443\u0434\u043e\u0431\u043d\u0435\u0435 \u0432\u0441\u0435\u0433\u043e Viber Telegram WhatsApp \u041f\u043e\u0447\u0442\u0430 info@albustroi.com \u041e\u0442\u043f\u0440\u0430\u0432\u043b\u044f\u0435\u043c \u0441\u043c\u0435\u0442\u0443 \u0432 \u043e\u0442\u0432\u0435\u0442 \u0432 \u0442\u0435\u0447\u0435\u043d\u0438\u0435 24 \u0447\u0430\u0441\u043e\u0432 \u041d\u0430\u043f\u0438\u0448\u0438\u0442\u0435 \u043d\u0430\u043c \u041e\u043f\u0438\u0448\u0438\u0442\u0435 \u0437\u0430\u0434\u0430\u0447\u0443 \u2014 \u0441\u0432\u044f\u0436\u0435\u043c\u0441\u044f \u0441 \u0432\u0430\u043c\u0438, \u0443\u0442\u043e\u0447\u043d\u0438\u043c \u0434\u0435\u0442\u0430\u043b\u0438 \u0438 \u043f\u043e\u0434\u0433\u043e\u0442\u043e\u0432\u0438\u043c \u043e\u0440\u0438\u0435\u043d\u0442\u0438\u0440\u043e\u0432\u043e\u0447\u043d\u0443\u044e \u0441\u043c\u0435\u0442\u0443. \u0418\u043b\u0438 \u043d\u0430\u043f\u0438\u0448\u0438\u0442\u0435 \u0432\u00a0Telegram\u00a0\u0438\u043b\u0438\u00a0Viber\u00a0\u2014 \u043e\u0442\u0432\u0435\u0447\u0430\u0435\u043c \u0431\u044b\u0441\u0442\u0440\u0435\u0435. \u2705 \u0411\u0435\u0441\u043f\u043b\u0430\u0442\u043d\u044b\u0439 \u0432\u044b\u0435\u0437\u0434 \u0437\u0430\u043c\u0435\u0440\u0449\u0438\u043a\u0430 \u2705 \u0421\u043c\u0435\u0442\u0430 \u0438 3D-\u0432\u0438\u0437\u0443\u0430\u043b\u0438\u0437\u0430\u0446\u0438\u044f \u043f\u043e \u0437\u0430\u043f\u0440\u043e\u0441\u0443 \u2705&hellip;<\/p>","protected":false},"author":1,"featured_media":601,"parent":0,"menu_order":70,"comment_status":"closed","ping_status":"closed","template":"","meta":{"footnotes":""},"class_list":["post-4050","page","type-page","status-publish","has-post-thumbnail","hentry"],"_links":{"self":[{"href":"https:\/\/albustroi.com\/ro\/wp-json\/wp\/v2\/pages\/4050","targetHints":{"allow":["GET"]}}],"collection":[{"href":"https:\/\/albustroi.com\/ro\/wp-json\/wp\/v2\/pages"}],"about":[{"href":"https:\/\/albustroi.com\/ro\/wp-json\/wp\/v2\/types\/page"}],"author":[{"embeddable":true,"href":"https:\/\/albustroi.com\/ro\/wp-json\/wp\/v2\/users\/1"}],"replies":[{"embeddable":true,"href":"https:\/\/albustroi.com\/ro\/wp-json\/wp\/v2\/comments?post=4050"}],"version-history":[{"count":196,"href":"https:\/\/albustroi.com\/ro\/wp-json\/wp\/v2\/pages\/4050\/revisions"}],"predecessor-version":[{"id":7519,"href":"https:\/\/albustroi.com\/ro\/wp-json\/wp\/v2\/pages\/4050\/revisions\/7519"}],"wp:featuredmedia":[{"embeddable":true,"href":"https:\/\/albustroi.com\/ro\/wp-json\/wp\/v2\/media\/601"}],"wp:attachment":[{"href":"https:\/\/albustroi.com\/ro\/wp-json\/wp\/v2\/media?parent=4050"}],"curies":[{"name":"wp","href":"https:\/\/api.w.org\/{rel}","templated":true}]}}